{"id":579,"date":"2020-03-06T07:29:42","date_gmt":"2020-03-06T07:29:42","guid":{"rendered":"http:\/\/gsmarienschule-marienfeld.de\/?page_id=579"},"modified":"2020-03-06T07:29:42","modified_gmt":"2020-03-06T07:29:42","slug":"pausenkonzerte","status":"publish","type":"page","link":"https:\/\/gsmarienschule-marienfeld.de\/?page_id=579","title":{"rendered":"Pausenkonzerte"},"content":{"rendered":"\n<h1 class=\"wp-block-heading\">Unsere Pausenkonzerte<\/h1>\n\n\n\n<p> Immer am ersten Mittwoch im Monat k\u00f6nnen Sch\u00fcler und Sch\u00fclerinnen auf ihren Instrumenten vor einem interessierten Publikum in der Pausenhalle spielen. Da die Teilnahme freiwillig ist, kommen auch wirklich nur interessierte Sch\u00fclerInnen zum Zuh\u00f6ren und es gibt keine St\u00f6rungen. F\u00fcr die Musizierenden ist es eine tolle Gelegenheit, einmal vor einem gr\u00f6\u00dferen Publikum zu spielen, das eigene Lampenfieber zu \u00fcberwinden und Erfolgserlebnisse zu haben. Sch\u00f6n ist, dass es immer viel Applaus gibt, egal ob die Kinder gerade erst angefangen haben, auf ihrem Instrument zu spielen oder schon fortgeschritten sind. \u00dcbrigens sind auch interessierte Eltern immer willkommen: am ersten Mittwoch im Monat um 9.30 Uhr in der Pausenhalle!<\/p>\n","protected":false},"excerpt":{"rendered":"<div class=\"mh-excerpt\">Unsere Pausenkonzerte Immer am ersten Mittwoch im Monat k\u00f6nnen Sch\u00fcler und Sch\u00fclerinnen auf ihren Instrumenten vor einem interessierten Publikum in der Pausenhalle spielen. Da die Teilnahme freiwillig ist, kommen auch wirklich nur interessierte Sch\u00fclerInnen zum <a class=\"mh-excerpt-more\" href=\"https:\/\/gsmarienschule-marienfeld.de\/?page_id=579\" title=\"Pausenkonzerte\">[&#8230;]<\/a><\/div>\n","protected":false},"author":1,"featured_media":0,"parent":0,"menu_order":0,"comment_status":"closed","ping_status":"closed","template":"","meta":{"footnotes":""},"class_list":["post-579","page","type-page","status-publish"],"_links":{"self":[{"href":"https:\/\/gsmarienschule-marienfeld.de\/index.php?rest_route=\/wp\/v2\/pages\/579","targetHints":{"allow":["GET"]}}],"collection":[{"href":"https:\/\/gsmarienschule-marienfeld.de\/index.php?rest_route=\/wp\/v2\/pages"}],"about":[{"href":"https:\/\/gsmarienschule-marienfeld.de\/index.php?rest_route=\/wp\/v2\/types\/page"}],"author":[{"embeddable":true,"href":"https:\/\/gsmarienschule-marienfeld.de\/index.php?rest_route=\/wp\/v2\/users\/1"}],"replies":[{"embeddable":true,"href":"https:\/\/gsmarienschule-marienfeld.de\/index.php?rest_route=%2Fwp%2Fv2%2Fcomments&post=579"}],"version-history":[{"count":2,"href":"https:\/\/gsmarienschule-marienfeld.de\/index.php?rest_route=\/wp\/v2\/pages\/579\/revisions"}],"predecessor-version":[{"id":593,"href":"https:\/\/gsmarienschule-marienfeld.de\/index.php?rest_route=\/wp\/v2\/pages\/579\/revisions\/593"}],"wp:attachment":[{"href":"https:\/\/gsmarienschule-marienfeld.de\/index.php?rest_route=%2Fwp%2Fv2%2Fmedia&parent=579"}],"curies":[{"name":"wp","href":"https:\/\/api.w.org\/{rel}","templated":true}]}}