{"id":53,"date":"2019-11-10T16:01:41","date_gmt":"2019-11-10T16:01:41","guid":{"rendered":"http:\/\/gsmarienschule-marienfeld.de\/?page_id=53"},"modified":"2025-12-12T10:11:16","modified_gmt":"2025-12-12T09:11:16","slug":"foerderverein","status":"publish","type":"page","link":"https:\/\/gsmarienschule-marienfeld.de\/foerderverein\/","title":{"rendered":"F\u00f6rderverein"},"content":{"rendered":"<div class=\"wp-block-image\">\n<figure class=\"aligncenter size-large is-resized\"><img loading=\"lazy\" decoding=\"async\" width=\"759\" height=\"1024\" src=\"https:\/\/gsmarienschule-marienfeld.de\/wp-content\/uploads\/2025\/12\/IMG_1724-759x1024.jpeg\" alt=\"\" class=\"wp-image-4493\" style=\"width:571px;height:auto\" srcset=\"https:\/\/gsmarienschule-marienfeld.de\/wp-content\/uploads\/2025\/12\/IMG_1724-759x1024.jpeg 759w, https:\/\/gsmarienschule-marienfeld.de\/wp-content\/uploads\/2025\/12\/IMG_1724-222x300.jpeg 222w, https:\/\/gsmarienschule-marienfeld.de\/wp-content\/uploads\/2025\/12\/IMG_1724-768x1036.jpeg 768w, https:\/\/gsmarienschule-marienfeld.de\/wp-content\/uploads\/2025\/12\/IMG_1724-1138x1536.jpeg 1138w, https:\/\/gsmarienschule-marienfeld.de\/wp-content\/uploads\/2025\/12\/IMG_1724-1518x2048.jpeg 1518w, https:\/\/gsmarienschule-marienfeld.de\/wp-content\/uploads\/2025\/12\/IMG_1724.jpeg 1522w\" sizes=\"auto, (max-width: 759px) 100vw, 759px\" \/><\/figure>\n<\/div>\n\n\n<p>Der F\u00f6rderverein der Marienschule unterst\u00fctzt die Schule und erm\u00f6glicht f\u00fcr alle Sch\u00fclerinnen und Sch\u00fcler attraktive Angebote. Wir versuchen finanzielle L\u00fccken zu schlie\u00dfen, um viele interessante Projekte f\u00fcr Eltern und Kinder zu erm\u00f6glichen, die sonst nicht realisierbar w\u00e4ren.<\/p>\n\n\n\n<p>Was f\u00f6rdern wir? Hier ein grober \u00dcberblick:<\/p>\n\n\n\n<p>&#8211; die theaterp\u00e4dagogischen Pr\u00e4ventionsprojekte \u201eMein K\u00f6rper geh\u00f6rt mir\u201c, sowie die \u201eNein -Tonne &#8211; Eine Entdeckungsreise in die eignen Gef\u00fchle\u201c<br>&#8211; die Bandklasse in Klasse 3 und 4 sowie die Anschaffung der n\u00f6tigen Instrumente, denn jeden Donnerstag verwandelt sich der Musikraum in einen Proberaum mit richtigen &#8211; Rockinstrumenten: Schlagzeug, Keyboards, E-Gitarren und E-B\u00e4sse<br>&#8211; den Kindermitmachzirkus Charlie bei dem alle vier Jahre unsere Kinder zu kleinen und gro\u00dfen Artisten werden<br>&#8211; den Eiswagen am Ende jeden Schuljahres<br>&#8211; die Logb\u00fccher f\u00fcr alle Sch\u00fclerinnen und Sch\u00fcler<br>&#8211; verschiedene Projektwochen wie z. B. 2024 \u201eBauen und Konstruieren\u201c<br>&#8211; Schulausfl\u00fcge wie Kino-, Museums- oder Zoobesuche<br>&#8211; verschiedene Autorenlesungen<br>&#8211; Anschaffung von Spiel- und Kletterger\u00e4ten f\u00fcr den Schulhof<\/p>\n\n\n\n<p>In enger Zusammenarbeit mit der Schule und der Schulpflegschaft organisieren wir im Jahr verschiedene Feste und Veranstaltungen wie das Einschulungscaf\u00e9, Waffelverkauf bei lokalen Veranstaltungen oder den Sponsorenlauf.<\/p>\n\n\n\n<p>Die finanziellen Mittel f\u00fcr diese Ma\u00dfnahmen setzen sich aus Landesmitteln, st\u00e4dtischen F\u00f6rderungen sowie Spenden und den Mitgliedsbeitr\u00e4gen zusammen. Zudem ben\u00f6tigen wir bei unserer Arbeit den pers\u00f6nlichen Einsatz unserer Mitglieder bei verschiedenen Aktionen.<\/p>\n\n\n\n<p>Helfen auch Sie mit die Schulzeit unserer Kinder bestm\u00f6glich zu unterst\u00fctzen und werden Sie Mitglied im F\u00f6rderverein!<br>Der Mindestbeitrag pro Jahr liegt bei 12 Euro.<br>Gerne begr\u00fc\u00dfen wir neue Mitglieder und F\u00f6rderer &#8211; Sie erreichen uns per Mail unter vorsitz.foerderverein@msm-hsw.de<br>Sprechen Sie uns gerne auch pers\u00f6nlich an!<\/p>\n\n\n\n<p>Der Vorstand des Vereins setzt sich aus folgenden engagierten Mitgliedern und Eltern zusammen:<\/p>\n\n\n\n<p>1 Vorsitzende Janina L\u00fcbke<br>2 Vorsitzende Natalie Wickern<br>3 Vorsitzende Stefanie Landwehr<br>Kassierer Stephan Graute<br>Schriftf\u00fchrerin Steffi Rutte<br>Beisitzer: Henrike Auerswald, Florian Beyer, Andree Kr\u00f6ger, Jennifer Prante<\/p>\n\n\n\n<div data-wp-interactive=\"core\/file\" class=\"wp-block-file\"><object data-wp-bind--hidden=\"!state.hasPdfPreview\" hidden class=\"wp-block-file__embed\" data=\"https:\/\/gsmarienschule-marienfeld.de\/wp-content\/uploads\/2025\/12\/Mitgliedschaft_neu2-2.pdf\" type=\"application\/pdf\" style=\"width:100%;height:390px\" aria-label=\"Einbettung von Mitgliedschaft_neu2 2.\"><\/object><a id=\"wp-block-file--media-cb7757b0-0632-41c5-b738-c53d82c77988\" href=\"https:\/\/gsmarienschule-marienfeld.de\/wp-content\/uploads\/2025\/12\/Mitgliedschaft_neu2-2.pdf\">Mitgliedschaft_neu2 2<\/a><a href=\"https:\/\/gsmarienschule-marienfeld.de\/wp-content\/uploads\/2025\/12\/Mitgliedschaft_neu2-2.pdf\" class=\"wp-block-file__button wp-element-button\" download aria-describedby=\"wp-block-file--media-cb7757b0-0632-41c5-b738-c53d82c77988\">Herunterladen<\/a><\/div>\n\n\n\n<p><\/p>\n\n\n\n<p><\/p>\n\n\n\n<p><\/p>\n","protected":false},"excerpt":{"rendered":"<div class=\"mh-excerpt\">Der F\u00f6rderverein der Marienschule unterst\u00fctzt die Schule und erm\u00f6glicht f\u00fcr alle Sch\u00fclerinnen und Sch\u00fcler attraktive Angebote. Wir versuchen finanzielle L\u00fccken zu schlie\u00dfen, um viele interessante Projekte f\u00fcr Eltern und Kinder zu erm\u00f6glichen, die sonst nicht <a class=\"mh-excerpt-more\" href=\"https:\/\/gsmarienschule-marienfeld.de\/foerderverein\/\" title=\"F\u00f6rderverein\">[&#8230;]<\/a><\/div>\n","protected":false},"author":1,"featured_media":0,"parent":0,"menu_order":0,"comment_status":"closed","ping_status":"closed","template":"","meta":{"footnotes":""},"class_list":["post-53","page","type-page","status-publish"],"_links":{"self":[{"href":"https:\/\/gsmarienschule-marienfeld.de\/wp-json\/wp\/v2\/pages\/53","targetHints":{"allow":["GET"]}}],"collection":[{"href":"https:\/\/gsmarienschule-marienfeld.de\/wp-json\/wp\/v2\/pages"}],"about":[{"href":"https:\/\/gsmarienschule-marienfeld.de\/wp-json\/wp\/v2\/types\/page"}],"author":[{"embeddable":true,"href":"https:\/\/gsmarienschule-marienfeld.de\/wp-json\/wp\/v2\/users\/1"}],"replies":[{"embeddable":true,"href":"https:\/\/gsmarienschule-marienfeld.de\/wp-json\/wp\/v2\/comments?post=53"}],"version-history":[{"count":18,"href":"https:\/\/gsmarienschule-marienfeld.de\/wp-json\/wp\/v2\/pages\/53\/revisions"}],"predecessor-version":[{"id":4494,"href":"https:\/\/gsmarienschule-marienfeld.de\/wp-json\/wp\/v2\/pages\/53\/revisions\/4494"}],"wp:attachment":[{"href":"https:\/\/gsmarienschule-marienfeld.de\/wp-json\/wp\/v2\/media?parent=53"}],"curies":[{"name":"wp","href":"https:\/\/api.w.org\/{rel}","templated":true}]}}