{"id":49,"date":"2019-11-10T16:01:40","date_gmt":"2019-11-10T16:01:40","guid":{"rendered":"http:\/\/gsmarienschule-marienfeld.de\/?page_id=49"},"modified":"2024-11-21T13:28:15","modified_gmt":"2024-11-21T12:28:15","slug":"schulsozialarbeit","status":"publish","type":"page","link":"https:\/\/gsmarienschule-marienfeld.de\/schulsozialarbeit\/","title":{"rendered":"Schulsozialarbeit"},"content":{"rendered":"<div class=\"wp-block-image\">\n<figure class=\"aligncenter size-large is-resized\"><img loading=\"lazy\" decoding=\"async\" width=\"768\" height=\"1024\" src=\"https:\/\/gsmarienschule-marienfeld.de\/wp-content\/uploads\/2024\/11\/Deneke-768x1024.jpeg\" alt=\"\" class=\"wp-image-4059\" style=\"width:418px;height:auto\" srcset=\"https:\/\/gsmarienschule-marienfeld.de\/wp-content\/uploads\/2024\/11\/Deneke-768x1024.jpeg 768w, https:\/\/gsmarienschule-marienfeld.de\/wp-content\/uploads\/2024\/11\/Deneke-225x300.jpeg 225w, https:\/\/gsmarienschule-marienfeld.de\/wp-content\/uploads\/2024\/11\/Deneke-300x400.jpeg 300w, https:\/\/gsmarienschule-marienfeld.de\/wp-content\/uploads\/2024\/11\/Deneke-1152x1536.jpeg 1152w, https:\/\/gsmarienschule-marienfeld.de\/wp-content\/uploads\/2024\/11\/Deneke.jpeg 1437w\" sizes=\"auto, (max-width: 768px) 100vw, 768px\" \/><\/figure>\n<\/div>\n\n\n<p>Liebe Sch\u00fclerinnen und Sch\u00fcler, liebe Eltern,<\/p>\n\n\n\n<p>ich bin Katrin Deneke und arbeite seit dem Sommer 2024 als Schulsozialarbeiterin an der Marienschule. Meine Kernaufgaben sind Pr\u00e4ventionsangebote, Beratung f\u00fcr Kinder und Eltern, Unterst\u00fctzung bei Konfliktkl\u00e4rungen und Kooperation mit lokalen Netzwerkpartnern. Dabei unterst\u00fctzt Schulsozialarbeit beratend im Sinne einer Ressourcen- und L\u00f6sungsorientierung. Dabei kommen je nach Bedarf unterschiedliche Methoden zum Einsatz:<\/p>\n\n\n\n<p><strong>-Pr\u00e4ventionsangebote:<\/strong><\/p>\n\n\n\n<p>-Soziales Lernen im Einzel- und Kleingruppensetting (z.B. Selbstreflexion, Selbstwertst\u00e4rkung, Umgang mit Emotionen)<\/p>\n\n\n\n<p>-Klassentrainings und die Ausbildung der Streitschlichterinnen und Streitschlichter nach dem Bensberger Mediationsmodell<\/p>\n\n\n\n<p><strong>Interventions- und Beratungsangebote:<\/strong><\/p>\n\n\n\n<p>-Erst-Hilfe im Streit nach dem Bensberger Mediationsmodell<\/p>\n\n\n\n<p>-Beratungsangebot f\u00fcr Sch\u00fclerinnen und Sch\u00fcler und Eltern (z.B. bei Fragen zur Erziehung und Entwicklung, Trennung, Anspruch auf Bildungs- und Teilhabeleistungen)<\/p>\n\n\n\n<p>-Empfehlung von lokalen Familienberatungsstellen<\/p>\n\n\n\n<p><strong>Kooperation mit Lehrerinnen und Betreuungskr\u00e4ften:<\/strong><\/p>\n\n\n\n<p>-F\u00f6rderung einer weiterhin positiven Schulentwicklung<\/p>\n\n\n\n<p>-Begleitung des Sch\u00fclerparlamentes<\/p>\n\n\n\n<p>-Teilnahme an Sitzungen von Schulgremien, Arbeitskreisen und regelm\u00e4\u00dfigen Fortbildungen<\/p>\n\n\n\n<p>Ich bin von montags bis freitags Ansprechpartnerin f\u00fcr Sch\u00fclerinnen und Sch\u00fcler, Eltern, Lehrerinnen und Betreuungskr\u00e4fte. Rufen Sie mich gerne an f\u00fcr eine Terminvereinbarung oder schreiben Sie mir eine E-Mail.<\/p>\n\n\n\n<p>Ich bin w\u00e4hrend der Schulzeit von 8:00 &#8211; 14:00 Uhr erreichbar.<\/p>\n\n\n\n<p>Mit freundlichen Gr\u00fc\u00dfen<\/p>\n\n\n\n<p>Katrin Deneke<\/p>\n\n\n\n<p>Staatlich anerkannte Sozialarbeiterin<\/p>\n\n\n\n<p>Schulsozialarbeit Marienschule Marienfeld<\/p>\n\n\n\n<p>E-Mail:&nbsp;<a href=\"mailto:k.deneke@awo-guetersloh.de\">k.deneke@awo-guetersloh.de<\/a><\/p>\n\n\n\n<p><strong>Mobil: 01590 4247451<\/strong><\/p>\n\n\n\n<p><\/p>\n","protected":false},"excerpt":{"rendered":"<div class=\"mh-excerpt\">Liebe Sch\u00fclerinnen und Sch\u00fcler, liebe Eltern, ich bin Katrin Deneke und arbeite seit dem Sommer 2024 als Schulsozialarbeiterin an der Marienschule. Meine Kernaufgaben sind Pr\u00e4ventionsangebote, Beratung f\u00fcr Kinder und Eltern, Unterst\u00fctzung bei Konfliktkl\u00e4rungen und Kooperation <a class=\"mh-excerpt-more\" href=\"https:\/\/gsmarienschule-marienfeld.de\/schulsozialarbeit\/\" title=\"Schulsozialarbeit\">[&#8230;]<\/a><\/div>\n","protected":false},"author":1,"featured_media":0,"parent":0,"menu_order":0,"comment_status":"closed","ping_status":"closed","template":"","meta":{"footnotes":""},"class_list":["post-49","page","type-page","status-publish"],"_links":{"self":[{"href":"https:\/\/gsmarienschule-marienfeld.de\/wp-json\/wp\/v2\/pages\/49","targetHints":{"allow":["GET"]}}],"collection":[{"href":"https:\/\/gsmarienschule-marienfeld.de\/wp-json\/wp\/v2\/pages"}],"about":[{"href":"https:\/\/gsmarienschule-marienfeld.de\/wp-json\/wp\/v2\/types\/page"}],"author":[{"embeddable":true,"href":"https:\/\/gsmarienschule-marienfeld.de\/wp-json\/wp\/v2\/users\/1"}],"replies":[{"embeddable":true,"href":"https:\/\/gsmarienschule-marienfeld.de\/wp-json\/wp\/v2\/comments?post=49"}],"version-history":[{"count":35,"href":"https:\/\/gsmarienschule-marienfeld.de\/wp-json\/wp\/v2\/pages\/49\/revisions"}],"predecessor-version":[{"id":4060,"href":"https:\/\/gsmarienschule-marienfeld.de\/wp-json\/wp\/v2\/pages\/49\/revisions\/4060"}],"wp:attachment":[{"href":"https:\/\/gsmarienschule-marienfeld.de\/wp-json\/wp\/v2\/media?parent=49"}],"curies":[{"name":"wp","href":"https:\/\/api.w.org\/{rel}","templated":true}]}}