{"id":481,"date":"2020-01-15T12:36:14","date_gmt":"2020-01-15T12:36:14","guid":{"rendered":"http:\/\/gsmarienschule-marienfeld.de\/?page_id=481"},"modified":"2020-01-15T12:36:14","modified_gmt":"2020-01-15T12:36:14","slug":"ausstattung","status":"publish","type":"page","link":"https:\/\/gsmarienschule-marienfeld.de\/?page_id=481","title":{"rendered":"Ausstattung"},"content":{"rendered":"\n<p><strong>Aktuelle r\u00e4umliche Ausstattung<\/strong><\/p>\n\n\n\n<p>Nach den Aufbauma\u00dfnahmen verf\u00fcgt die Schule nun \u00fcber folgende R\u00e4umlichkeiten und ist damit hervorragend ausgestattet:<\/p>\n\n\n\n<ul class=\"wp-block-list\"><li>acht Klassenr\u00e4ume<\/li><li>Musikraum<\/li><li>Sachunterrichtsraum <\/li><li>Mehrzweckraum<\/li><li>PC-Raum<\/li><li>\u201eSchwalbennest\u201c (Schulsozialarbeit, Kinderparlament, F\u00f6rderung)<\/li><li>Kunstraum<\/li><li>zwei Randstundenr\u00e4ume<\/li><li>OGS-K\u00fcche + Essraum<\/li><li>R\u00e4ume f\u00fcr OGS-Betreuung<\/li><li>Schulk\u00fcche<\/li><li>Pausenhalle<\/li><li>zwei Sporthallen<\/li><\/ul>\n","protected":false},"excerpt":{"rendered":"<div class=\"mh-excerpt\">Aktuelle r\u00e4umliche Ausstattung Nach den Aufbauma\u00dfnahmen verf\u00fcgt die Schule nun \u00fcber folgende R\u00e4umlichkeiten und ist damit hervorragend ausgestattet: acht Klassenr\u00e4ume Musikraum Sachunterrichtsraum Mehrzweckraum PC-Raum \u201eSchwalbennest\u201c (Schulsozialarbeit, Kinderparlament, F\u00f6rderung) Kunstraum zwei Randstundenr\u00e4ume OGS-K\u00fcche + Essraum R\u00e4ume <a class=\"mh-excerpt-more\" href=\"https:\/\/gsmarienschule-marienfeld.de\/?page_id=481\" title=\"Ausstattung\">[&#8230;]<\/a><\/div>\n","protected":false},"author":1,"featured_media":0,"parent":0,"menu_order":0,"comment_status":"closed","ping_status":"closed","template":"","meta":{"footnotes":""},"class_list":["post-481","page","type-page","status-publish"],"_links":{"self":[{"href":"https:\/\/gsmarienschule-marienfeld.de\/index.php?rest_route=\/wp\/v2\/pages\/481","targetHints":{"allow":["GET"]}}],"collection":[{"href":"https:\/\/gsmarienschule-marienfeld.de\/index.php?rest_route=\/wp\/v2\/pages"}],"about":[{"href":"https:\/\/gsmarienschule-marienfeld.de\/index.php?rest_route=\/wp\/v2\/types\/page"}],"author":[{"embeddable":true,"href":"https:\/\/gsmarienschule-marienfeld.de\/index.php?rest_route=\/wp\/v2\/users\/1"}],"replies":[{"embeddable":true,"href":"https:\/\/gsmarienschule-marienfeld.de\/index.php?rest_route=%2Fwp%2Fv2%2Fcomments&post=481"}],"version-history":[{"count":1,"href":"https:\/\/gsmarienschule-marienfeld.de\/index.php?rest_route=\/wp\/v2\/pages\/481\/revisions"}],"predecessor-version":[{"id":483,"href":"https:\/\/gsmarienschule-marienfeld.de\/index.php?rest_route=\/wp\/v2\/pages\/481\/revisions\/483"}],"wp:attachment":[{"href":"https:\/\/gsmarienschule-marienfeld.de\/index.php?rest_route=%2Fwp%2Fv2%2Fmedia&parent=481"}],"curies":[{"name":"wp","href":"https:\/\/api.w.org\/{rel}","templated":true}]}}