{"id":48,"date":"2019-11-10T16:01:40","date_gmt":"2019-11-10T16:01:40","guid":{"rendered":"http:\/\/gsmarienschule-marienfeld.de\/?page_id=48"},"modified":"2025-09-29T12:40:45","modified_gmt":"2025-09-29T10:40:45","slug":"schulprogramm","status":"publish","type":"page","link":"https:\/\/gsmarienschule-marienfeld.de\/?page_id=48","title":{"rendered":"Schulprogramm"},"content":{"rendered":"\n<p>Hier finden Sie Ausz\u00fcge aus unserem Schulprogramm.<br> F\u00fcr weitere Informationen k\u00f6nnen Sie uns gerne ansprechen.<\/p>\n\n\n\n<p><\/p>\n\n\n\n<p><strong>Leitbild und Schulprofil<\/strong><\/p>\n\n\n\n<p class=\"has-vivid-green-cyan-background-color has-background\">Unser Motto: Gemeinsam wachsen!<\/p>\n\n\n\n<p><strong>Schulorganisation<\/strong><\/p>\n\n\n\n<div data-wp-interactive=\"core\/file\" class=\"wp-block-file\"><object data-wp-bind--hidden=\"!state.hasPdfPreview\" hidden class=\"wp-block-file__embed\" data=\"https:\/\/gsmarienschule-marienfeld.de\/wp-content\/uploads\/2025\/09\/Geschaeftsverteilungsplan-Stand-9.25.pdf\" type=\"application\/pdf\" style=\"width:100%;height:346px\" aria-label=\"Einbettung von Organigramm und Geschaeftsverteilungsplan-Stand-9.25.\"><\/object><a id=\"wp-block-file--media-0f33502b-7f2d-474a-a48e-f5bf31f7342a\" href=\"https:\/\/gsmarienschule-marienfeld.de\/wp-content\/uploads\/2025\/09\/Geschaeftsverteilungsplan-Stand-9.25.pdf\">Organigramm und Geschaeftsverteilungsplan-Stand-9.25<\/a><a href=\"https:\/\/gsmarienschule-marienfeld.de\/wp-content\/uploads\/2025\/09\/Geschaeftsverteilungsplan-Stand-9.25.pdf\" class=\"wp-block-file__button wp-element-button\" download aria-describedby=\"wp-block-file--media-0f33502b-7f2d-474a-a48e-f5bf31f7342a\">Herunterladen<\/a><\/div>\n\n\n\n<p>                             <a href=\"https:\/\/gsmarienschule-marienfeld.de\/wp-content\/uploads\/2019\/11\/Aktionen-im-Jahreslauf.pdf\">Aktionen im Jahreslauf<\/a><\/p>\n\n\n\n<p>                             <a href=\"https:\/\/gsmarienschule-marienfeld.de\/?page_id=579\">Pausenkonzerte<\/a><\/p>\n\n\n\n<div class=\"wp-block-file\"><a id=\"wp-block-file--media-b629fa56-0961-45ef-b185-57de3df6fb6f\" href=\"https:\/\/gsmarienschule-marienfeld.de\/wp-content\/uploads\/2024\/05\/Patenkonzept-der-Marienschule_stand-09.23.pdf\">Patenkonzept-der-Marienschule_stand-09.23<\/a><a href=\"https:\/\/gsmarienschule-marienfeld.de\/wp-content\/uploads\/2024\/05\/Patenkonzept-der-Marienschule_stand-09.23.pdf\" class=\"wp-block-file__button wp-element-button\" download aria-describedby=\"wp-block-file--media-b629fa56-0961-45ef-b185-57de3df6fb6f\">Herunterladen<\/a><\/div>\n\n\n\n<div class=\"wp-block-file\"><a id=\"wp-block-file--media-24977903-0be2-43a1-80e1-a2886bf67755\" href=\"https:\/\/gsmarienschule-marienfeld.de\/wp-content\/uploads\/2021\/05\/In-die-Pause-Aber-richtig-1.pdf\">                                     Pausenregeln-neu<\/a><a href=\"https:\/\/gsmarienschule-marienfeld.de\/wp-content\/uploads\/2021\/05\/In-die-Pause-Aber-richtig-1.pdf\" class=\"wp-block-file__button wp-element-button\" download aria-describedby=\"wp-block-file--media-24977903-0be2-43a1-80e1-a2886bf67755\">Herunterladen<\/a><\/div>\n\n\n\n<p>                             <a href=\"https:\/\/gsmarienschule-marienfeld.de\/?page_id=2916\">Krankmeldung und Beurlaubung<\/a><\/p>\n\n\n\n<p>                             <a href=\"https:\/\/gsmarienschule-marienfeld.de\/?page_id=308\">Vertretungskonzept<\/a><\/p>\n\n\n\n<p><\/p>\n\n\n\n<p>Sozialarbeit &amp; Pr\u00e4vention<\/p>\n\n\n\n<div class=\"wp-block-file\"><a id=\"wp-block-file--media-a125cd37-ca51-40bb-9b1b-5cd1ff036dc4\" href=\"https:\/\/gsmarienschule-marienfeld.de\/wp-content\/uploads\/2024\/10\/Beschwerdemanagement_fertig.pdf\">Beschwerdemanagement<\/a><a href=\"https:\/\/gsmarienschule-marienfeld.de\/wp-content\/uploads\/2024\/10\/Beschwerdemanagement_fertig.pdf\" class=\"wp-block-file__button wp-element-button\" download aria-describedby=\"wp-block-file--media-a125cd37-ca51-40bb-9b1b-5cd1ff036dc4\">Herunterladen<\/a><\/div>\n\n\n\n<p>                              <a href=\"https:\/\/gsmarienschule-marienfeld.de\/?page_id=49\">Schulsozialarbeit<\/a><\/p>\n\n\n\n<p>                              <a href=\"https:\/\/gsmarienschule-marienfeld.de\/wp-content\/uploads\/2019\/11\/Bedeutung_Schulregeln-1-2.pdf\">Schulregeln <\/a><\/p>\n\n\n\n<p>                             <a href=\"https:\/\/gsmarienschule-marienfeld.de\/?page_id=3195\">Streitschlichter<\/a><\/p>\n\n\n\n<p>Praktikum &amp; Referendariat<\/p>\n\n\n\n<p>                              <a href=\"https:\/\/gsmarienschule-marienfeld.de\/?page_id=241\">Praktikum<\/a><\/p>\n\n\n\n<p>                              <a href=\"https:\/\/gsmarienschule-marienfeld.de\/?page_id=1735\">Lehramtsanw\u00e4rter<\/a><\/p>\n\n\n\n<p><\/p>\n\n\n\n<p>Sonstige Konzepte:<\/p>\n\n\n\n<p>                             <a href=\"https:\/\/gsmarienschule-marienfeld.de\/?page_id=567\">Infektionsschutz<\/a><\/p>\n\n\n\n<div class=\"wp-block-file\"><a id=\"wp-block-file--media-7e796ead-1e50-4c1c-92fe-de266055d5f8\" href=\"https:\/\/gsmarienschule-marienfeld.de\/wp-content\/uploads\/2020\/06\/Marienschule_Hygieneplan.pdf\">                                    Hygienekonzept<\/a><a href=\"https:\/\/gsmarienschule-marienfeld.de\/wp-content\/uploads\/2020\/06\/Marienschule_Hygieneplan.pdf\" class=\"wp-block-file__button wp-element-button\" download aria-describedby=\"wp-block-file--media-7e796ead-1e50-4c1c-92fe-de266055d5f8\">Herunterladen<\/a><\/div>\n\n\n\n<p><\/p>\n\n\n\n<p><strong>Elternberatung<\/strong><\/p>\n\n\n\n<ul class=\"wp-block-list\">\n<li>                     <a rel=\"noreferrer noopener\" href=\"https:\/\/gsmarienschule-marienfeld.de\/?page_id=282\" target=\"_blank\">Elternberatung<\/a>\n<ul class=\"wp-block-list\">\n<li>             Elterninfoabende<\/li>\n<\/ul>\n<\/li>\n<\/ul>\n\n\n\n<p><strong>Digitalisierung<\/strong><\/p>\n\n\n\n<div class=\"wp-block-file\"><a id=\"wp-block-file--media-c3545523-1b03-4d0d-860d-b7d903ea1a85\" href=\"https:\/\/gsmarienschule-marienfeld.de\/wp-content\/uploads\/2021\/02\/Konzept-Distanzlernen.pdf\">                                     Konzept-Distanzlernen<\/a><a href=\"https:\/\/gsmarienschule-marienfeld.de\/wp-content\/uploads\/2021\/02\/Konzept-Distanzlernen.pdf\" class=\"wp-block-file__button wp-element-button\" download aria-describedby=\"wp-block-file--media-c3545523-1b03-4d0d-860d-b7d903ea1a85\">Herunterladen<\/a><\/div>\n\n\n\n<p>                              <a href=\"https:\/\/gsmarienschule-marienfeld.de\/?page_id=1331\">Eltern- und Sch\u00fclerbefragung Digitalisierung<\/a><\/p>\n\n\n\n<div class=\"wp-block-file\"><a id=\"wp-block-file--media-da2cf4ad-3dd1-4ee7-bf85-92da236aba7e\" href=\"https:\/\/gsmarienschule-marienfeld.de\/wp-content\/uploads\/2021\/05\/Videokonferenzen_-Kein-Problem-1.pdf\">                                     Videokonferenzen_ Kein Problem!<\/a><a href=\"https:\/\/gsmarienschule-marienfeld.de\/wp-content\/uploads\/2021\/05\/Videokonferenzen_-Kein-Problem-1.pdf\" class=\"wp-block-file__button wp-element-button\" download aria-describedby=\"wp-block-file--media-da2cf4ad-3dd1-4ee7-bf85-92da236aba7e\">Herunterladen<\/a><\/div>\n\n\n\n<div class=\"wp-block-file\"><a id=\"wp-block-file--media-f960cdd5-7a9f-4e5c-a810-a79e7b8377a4\" href=\"https:\/\/gsmarienschule-marienfeld.de\/wp-content\/uploads\/2023\/05\/Medienkonzept-Marienschule-April-2023-1-1.pdf\">                                     Medienkonzept-Marienschule-April-2023-1-1<\/a><a href=\"https:\/\/gsmarienschule-marienfeld.de\/wp-content\/uploads\/2023\/05\/Medienkonzept-Marienschule-April-2023-1-1.pdf\" class=\"wp-block-file__button wp-element-button\" download aria-describedby=\"wp-block-file--media-f960cdd5-7a9f-4e5c-a810-a79e7b8377a4\">Herunterladen<\/a><\/div>\n\n\n\n<p><\/p>\n\n\n\n<p>Leistungsbewertung<\/p>\n\n\n\n<div class=\"wp-block-file\"><a id=\"wp-block-file--media-cc3e67bf-b5e1-4c65-a108-a3002ebf127b\" href=\"https:\/\/gsmarienschule-marienfeld.de\/wp-content\/uploads\/2020\/11\/Flyer-Leistungsbewertung-an-der-Marienschule.pdf\">                                          Flyer-Leistungsbewertung Jg.3\/4 an-der-Marienschule<\/a><a href=\"https:\/\/gsmarienschule-marienfeld.de\/wp-content\/uploads\/2020\/11\/Flyer-Leistungsbewertung-an-der-Marienschule.pdf\" class=\"wp-block-file__button wp-element-button\" download aria-describedby=\"wp-block-file--media-cc3e67bf-b5e1-4c65-a108-a3002ebf127b\">Herunterladen<\/a><\/div>\n\n\n\n<p>                                 <u><font color=\"#000117\"><a href=\"https:\/\/gsmarienschule-marienfeld.de\/wp-admin\/post.php?post=492&amp;action=edit\">Zeugnis<\/a><\/font><\/u><strong><u><font color=\"#000117\"><a href=\"https:\/\/gsmarienschule-marienfeld.de\/wp-admin\/post.php?post=492&amp;action=edit\">s<\/a><\/font><\/u><\/strong>e<\/p>\n\n\n\n<p>                                <a href=\"https:\/\/gsmarienschule-marienfeld.de\/wp-admin\/post.php?post=3581&amp;action=edit\">Punktetabelle  aus Welt der Zah<\/a>l<\/p>\n\n\n\n<p>Kita -&gt; Grundschule-&gt; weiterf\u00fchrende Schule<\/p>\n\n\n\n<p>                               <a href=\"https:\/\/gsmarienschule-marienfeld.de\/?page_id=2952\">\u00dcberg\u00e4nge<\/a><\/p>\n","protected":false},"excerpt":{"rendered":"<div class=\"mh-excerpt\">Hier finden Sie Ausz\u00fcge aus unserem Schulprogramm. F\u00fcr weitere Informationen k\u00f6nnen Sie uns gerne ansprechen. Leitbild und Schulprofil Unser Motto: Gemeinsam wachsen! Schulorganisation Aktionen im Jahreslauf Pausenkonzerte Krankmeldung und Beurlaubung Vertretungskonzept Sozialarbeit &amp; Pr\u00e4vention Schulsozialarbeit <a class=\"mh-excerpt-more\" href=\"https:\/\/gsmarienschule-marienfeld.de\/?page_id=48\" title=\"Schulprogramm\">[&#8230;]<\/a><\/div>\n","protected":false},"author":1,"featured_media":0,"parent":0,"menu_order":0,"comment_status":"closed","ping_status":"closed","template":"","meta":{"footnotes":""},"class_list":["post-48","page","type-page","status-publish"],"_links":{"self":[{"href":"https:\/\/gsmarienschule-marienfeld.de\/index.php?rest_route=\/wp\/v2\/pages\/48","targetHints":{"allow":["GET"]}}],"collection":[{"href":"https:\/\/gsmarienschule-marienfeld.de\/index.php?rest_route=\/wp\/v2\/pages"}],"about":[{"href":"https:\/\/gsmarienschule-marienfeld.de\/index.php?rest_route=\/wp\/v2\/types\/page"}],"author":[{"embeddable":true,"href":"https:\/\/gsmarienschule-marienfeld.de\/index.php?rest_route=\/wp\/v2\/users\/1"}],"replies":[{"embeddable":true,"href":"https:\/\/gsmarienschule-marienfeld.de\/index.php?rest_route=%2Fwp%2Fv2%2Fcomments&post=48"}],"version-history":[{"count":61,"href":"https:\/\/gsmarienschule-marienfeld.de\/index.php?rest_route=\/wp\/v2\/pages\/48\/revisions"}],"predecessor-version":[{"id":4368,"href":"https:\/\/gsmarienschule-marienfeld.de\/index.php?rest_route=\/wp\/v2\/pages\/48\/revisions\/4368"}],"wp:attachment":[{"href":"https:\/\/gsmarienschule-marienfeld.de\/index.php?rest_route=%2Fwp%2Fv2%2Fmedia&parent=48"}],"curies":[{"name":"wp","href":"https:\/\/api.w.org\/{rel}","templated":true}]}}