{"id":46,"date":"2019-11-10T16:01:40","date_gmt":"2019-11-10T16:01:40","guid":{"rendered":"http:\/\/gsmarienschule-marienfeld.de\/?page_id=46"},"modified":"2024-08-11T16:33:50","modified_gmt":"2024-08-11T14:33:50","slug":"schulgelaende","status":"publish","type":"page","link":"https:\/\/gsmarienschule-marienfeld.de\/schulgelaende\/","title":{"rendered":"Schulgel\u00e4nde"},"content":{"rendered":"\n<div class=\"wp-block-file\"><a id=\"wp-block-file--media-377e7e2f-971d-4249-8be4-7da8e73659ff\" href=\"https:\/\/gsmarienschule-marienfeld.de\/wp-content\/uploads\/2024\/08\/Video1.mov\">Drohnenflug an der Marienschule Video1<\/a><a href=\"https:\/\/gsmarienschule-marienfeld.de\/wp-content\/uploads\/2024\/08\/Video1.mov\" class=\"wp-block-file__button wp-element-button\" download aria-describedby=\"wp-block-file--media-377e7e2f-971d-4249-8be4-7da8e73659ff\">Herunterladen<\/a><\/div>\n\n\n\n<div class=\"wp-block-file\"><a href=\"https:\/\/gsmarienschule-marienfeld.de\/wp-content\/uploads\/2020\/03\/Virtueller-Rundgang.mp4\"><br><br>Virtueller Rundgang<\/a><a href=\"https:\/\/gsmarienschule-marienfeld.de\/wp-content\/uploads\/2020\/03\/Virtueller-Rundgang.mp4\" class=\"wp-block-file__button wp-element-button\" download>Herunterladen<\/a><\/div>\n\n\n<p>Der Schulhof der Marienschule wurde 1999 unter Leitung des Schulleiters Burkhard Kirchner mit intensivem ehrenamtlichen Einsatz, Unterst\u00fctzung von Sponsoren und F\u00f6rderverein naturnah umgestaltet und stellt eine hervorragende Spiel-, Bewegungs- und Begegnungsm\u00f6glichkeit f\u00fcr Kinder, Eltern und anwohnende Familien dar. Er wurde stets vielseitig genutzt und war immer stark frequentiert und ist ein fester Bestandteil des Schulprogramms der Marienschule.<br \/>Der Schulhof wurde ab 2001 mehrfach mit dem G\u00fctesiegel &#8222;Europa Schule&#8220; ausgezeichnet, er ist nach wie vor ein Aush\u00e4ngeschild der Schule.<br \/>Das Au\u00dfengel\u00e4nde wurde auch durch die Qualit\u00e4tsanalyse des Landes NRW im Fr\u00fchjahr 2009 sehr positiv bewertet.<br \/>Der Erhalt und die Pflege laufen weiterhin durch unsere Schulhofaktionen (mit Eltern, ehrenamtlichen Helfern u. Lehrerinnen), die unser Hausmeister Marin Elfenkemper organisiert und mit Unterst\u00fctzung durch die Stadt Harsewinkel.<\/p>","protected":false},"excerpt":{"rendered":"<div class=\"mh-excerpt\">Der Schulhof der Marienschule wurde 1999 unter Leitung des Schulleiters Burkhard Kirchner mit intensivem ehrenamtlichen Einsatz, Unterst\u00fctzung von Sponsoren und F\u00f6rderverein naturnah umgestaltet und stellt eine hervorragende Spiel-, Bewegungs- und Begegnungsm\u00f6glichkeit f\u00fcr Kinder, Eltern und <a class=\"mh-excerpt-more\" href=\"https:\/\/gsmarienschule-marienfeld.de\/schulgelaende\/\" title=\"Schulgel\u00e4nde\">[&#8230;]<\/a><\/div>\n","protected":false},"author":1,"featured_media":0,"parent":0,"menu_order":0,"comment_status":"closed","ping_status":"closed","template":"","meta":{"footnotes":""},"class_list":["post-46","page","type-page","status-publish"],"_links":{"self":[{"href":"https:\/\/gsmarienschule-marienfeld.de\/wp-json\/wp\/v2\/pages\/46","targetHints":{"allow":["GET"]}}],"collection":[{"href":"https:\/\/gsmarienschule-marienfeld.de\/wp-json\/wp\/v2\/pages"}],"about":[{"href":"https:\/\/gsmarienschule-marienfeld.de\/wp-json\/wp\/v2\/types\/page"}],"author":[{"embeddable":true,"href":"https:\/\/gsmarienschule-marienfeld.de\/wp-json\/wp\/v2\/users\/1"}],"replies":[{"embeddable":true,"href":"https:\/\/gsmarienschule-marienfeld.de\/wp-json\/wp\/v2\/comments?post=46"}],"version-history":[{"count":6,"href":"https:\/\/gsmarienschule-marienfeld.de\/wp-json\/wp\/v2\/pages\/46\/revisions"}],"predecessor-version":[{"id":3953,"href":"https:\/\/gsmarienschule-marienfeld.de\/wp-json\/wp\/v2\/pages\/46\/revisions\/3953"}],"wp:attachment":[{"href":"https:\/\/gsmarienschule-marienfeld.de\/wp-json\/wp\/v2\/media?parent=46"}],"curies":[{"name":"wp","href":"https:\/\/api.w.org\/{rel}","templated":true}]}}