{"id":3195,"date":"2022-06-21T17:58:06","date_gmt":"2022-06-21T17:58:06","guid":{"rendered":"https:\/\/gsmarienschule-marienfeld.de\/?page_id=3195"},"modified":"2022-06-21T18:09:11","modified_gmt":"2022-06-21T18:09:11","slug":"streitschlichter-innen-an-der-marienschule","status":"publish","type":"page","link":"https:\/\/gsmarienschule-marienfeld.de\/?page_id=3195","title":{"rendered":"Streitschlichter\/Innen\u00a0 an der Marienschule"},"content":{"rendered":"<div class=\"wp-block-image\">\n<figure class=\"aligncenter size-large is-resized\"><img loading=\"lazy\" decoding=\"async\" src=\"https:\/\/gsmarienschule-marienfeld.de\/wp-content\/uploads\/2022\/06\/Bild2-1024x726.png\" alt=\"\" class=\"wp-image-3199\" width=\"210\" height=\"148\"\/><\/figure>\n<\/div>\n\n\n<p>In der dritten und vierten Klassen machen Sch\u00fcler\/innen eine Streitschlichter\/innen&nbsp; Ausbildung in Form einer AG. Interessierte Kinder schreiben eine Bewerbung an die Schulsozialarbeit und erkl\u00e4ren, warum sie gerne &nbsp;Streitschlichter\/in sein m\u00f6chten.<\/p>\n\n\n\n<p>In mehreren Terminen werden die Kinder dann an &nbsp;Themen wie Streit und Streitschlichtung, Emotionen sowie verschiedene L\u00f6sungsm\u00f6glichkeiten mit Hilfe von Arbeitsbl\u00e4ttern, \u00dcbungen und vor allem Rollenspielen, herangef\u00fchrt. Die tollsten Ideen entwickeln die Kinder selbst. J<\/p>\n\n\n\n<p>Die Aufgabe der Kinder ist dann, nach Abschluss der AG, in den gro\u00dfen Pausen auf dem Schulhof zu sein, um die anderen Kinder in Konfliktsituationen zu unterst\u00fctzen. Die Streitschlichter\/innen ersetzen nat\u00fcrlich nicht die Hofaufsicht, sondern helfen, Streitereien kindgerecht zu kl\u00e4ren und gemeinsame L\u00f6sungen zu finden. Die Sch\u00fcler\/innen nehmen gerne die Hilfe der Streitschlichter\/innen in Anspruch und f\u00fchlen sich gut verstanden.<\/p>\n\n\n\n<p>Die Streitschlichter\/innen werden parallel von der Schulsozialarbeit begleitet und bei Fragen und Problemen unterst\u00fctzt.&nbsp; Sie sind eine tolle und wertvolle Unterst\u00fctzung f\u00fcr alle Kinder im Schulalltag und wir freuen uns, dass immer wieder so viele engagierte Kinder mitmachen!!!<\/p>\n\n\n\n<p>von Isabell Sch\u00e4fer, Schulsozialarbeiterin<\/p>\n","protected":false},"excerpt":{"rendered":"<div class=\"mh-excerpt\">In der dritten und vierten Klassen machen Sch\u00fcler\/innen eine Streitschlichter\/innen&nbsp; Ausbildung in Form einer AG. Interessierte Kinder schreiben eine Bewerbung an die Schulsozialarbeit und erkl\u00e4ren, warum sie gerne &nbsp;Streitschlichter\/in sein m\u00f6chten. In mehreren Terminen werden <a class=\"mh-excerpt-more\" href=\"https:\/\/gsmarienschule-marienfeld.de\/?page_id=3195\" title=\"Streitschlichter\/Innen\u00a0 an der Marienschule\">[&#8230;]<\/a><\/div>\n","protected":false},"author":1,"featured_media":0,"parent":0,"menu_order":0,"comment_status":"closed","ping_status":"closed","template":"","meta":{"footnotes":""},"class_list":["post-3195","page","type-page","status-publish"],"_links":{"self":[{"href":"https:\/\/gsmarienschule-marienfeld.de\/index.php?rest_route=\/wp\/v2\/pages\/3195","targetHints":{"allow":["GET"]}}],"collection":[{"href":"https:\/\/gsmarienschule-marienfeld.de\/index.php?rest_route=\/wp\/v2\/pages"}],"about":[{"href":"https:\/\/gsmarienschule-marienfeld.de\/index.php?rest_route=\/wp\/v2\/types\/page"}],"author":[{"embeddable":true,"href":"https:\/\/gsmarienschule-marienfeld.de\/index.php?rest_route=\/wp\/v2\/users\/1"}],"replies":[{"embeddable":true,"href":"https:\/\/gsmarienschule-marienfeld.de\/index.php?rest_route=%2Fwp%2Fv2%2Fcomments&post=3195"}],"version-history":[{"count":2,"href":"https:\/\/gsmarienschule-marienfeld.de\/index.php?rest_route=\/wp\/v2\/pages\/3195\/revisions"}],"predecessor-version":[{"id":3200,"href":"https:\/\/gsmarienschule-marienfeld.de\/index.php?rest_route=\/wp\/v2\/pages\/3195\/revisions\/3200"}],"wp:attachment":[{"href":"https:\/\/gsmarienschule-marienfeld.de\/index.php?rest_route=%2Fwp%2Fv2%2Fmedia&parent=3195"}],"curies":[{"name":"wp","href":"https:\/\/api.w.org\/{rel}","templated":true}]}}