{"id":2916,"date":"2021-11-28T16:51:23","date_gmt":"2021-11-28T16:51:23","guid":{"rendered":"https:\/\/gsmarienschule-marienfeld.de\/?page_id=2916"},"modified":"2021-11-28T17:03:05","modified_gmt":"2021-11-28T17:03:05","slug":"was-tun-wenn-das-kind-krank-ist","status":"publish","type":"page","link":"https:\/\/gsmarienschule-marienfeld.de\/?page_id=2916","title":{"rendered":"Krankmeldung und Beurlaubung"},"content":{"rendered":"\n<p><\/p>\n\n\n\n<p>Wenn Ihr Kind erkrankt ist, melden Sie es bitte telefonisch im Sekretariat bis sp\u00e4testens 7:50 Uhr krank.<\/p>\n\n\n\n<p> Falls das B\u00fcro nicht besetzt ist, sprechen Sie bitte auf den Anrufbeantworter. <\/p>\n\n\n\n<p>Bei R\u00fcckkehr in die Schule muss eine schriftliche Entschuldigung vorgelegt werden. <strong>Bei Erkrankungen direkt vor oder nach den Ferien erbitten wir eine \u00e4rztliche <\/strong>Bescheinigung.<\/p>\n\n\n\n<p>Sollte Ihr Kind l\u00e4nger oder h\u00e4ufiger fehlen, dann k\u00f6nnen wir, nach Absprache mit Ihnen, ebenfalls eine \u00e4rztliche Bescheinigung einfordern.<\/p>\n\n\n\n<p><\/p>\n\n\n\n<p>Ob eine <strong>Beurlaubung von Sch\u00fclern<\/strong> genehmigt werden kann, h\u00e4ngt vom Grund der beantragten Beurlaubung ab. Auf jeden Fall muss nachgewiesen werden, dass die Beurlaubung nicht den Zweck hat, die Schulferien zu verl\u00e4ngern. Damit scheiden Beurlaubungen aus, die z.B. den Zweck haben, g\u00fcnstigere Reisetermine wahrnehmen zu k\u00f6nnen.  <\/p>\n\n\n\n<p><strong>Es werden keine Urlaubstage vor oder im Anschluss an die Ferien genehmigt!<\/strong><\/p>\n\n\n\n<p>Beurlaubungsantr\u00e4ge sind schriftlich und rechtzeitig (mindestens eine Woche vorher) an die Schule zu richten. <\/p>\n\n\n\n<p>Antr\u00e4ge f\u00fcr Beurlaubungen f\u00fcr 1 Tag stellen Sie bitte schriftlich an die Klassenleitung.<\/p>\n\n\n\n<p>Antr\u00e4ge f\u00fcr Beurlaubungen ab 2 Tagen stellen Sie bitte schriftlich  an die Schulleitung.<\/p>\n\n\n\n<div class=\"wp-block-file\"><a href=\"https:\/\/gsmarienschule-marienfeld.de\/wp-content\/uploads\/2021\/11\/Beurlaubung_Schueler.pdf\">Beurlaubung_Schueler<\/a><a href=\"https:\/\/gsmarienschule-marienfeld.de\/wp-content\/uploads\/2021\/11\/Beurlaubung_Schueler.pdf\" class=\"wp-block-file__button\" download>Herunterladen<\/a><\/div>\n\n\n\n<p><\/p>\n","protected":false},"excerpt":{"rendered":"<div class=\"mh-excerpt\">Wenn Ihr Kind erkrankt ist, melden Sie es bitte telefonisch im Sekretariat bis sp\u00e4testens 7:50 Uhr krank. Falls das B\u00fcro nicht besetzt ist, sprechen Sie bitte auf den Anrufbeantworter. Bei R\u00fcckkehr in die Schule muss <a class=\"mh-excerpt-more\" href=\"https:\/\/gsmarienschule-marienfeld.de\/?page_id=2916\" title=\"Krankmeldung und Beurlaubung\">[&#8230;]<\/a><\/div>\n","protected":false},"author":1,"featured_media":0,"parent":0,"menu_order":0,"comment_status":"closed","ping_status":"closed","template":"","meta":{"footnotes":""},"class_list":["post-2916","page","type-page","status-publish"],"_links":{"self":[{"href":"https:\/\/gsmarienschule-marienfeld.de\/index.php?rest_route=\/wp\/v2\/pages\/2916","targetHints":{"allow":["GET"]}}],"collection":[{"href":"https:\/\/gsmarienschule-marienfeld.de\/index.php?rest_route=\/wp\/v2\/pages"}],"about":[{"href":"https:\/\/gsmarienschule-marienfeld.de\/index.php?rest_route=\/wp\/v2\/types\/page"}],"author":[{"embeddable":true,"href":"https:\/\/gsmarienschule-marienfeld.de\/index.php?rest_route=\/wp\/v2\/users\/1"}],"replies":[{"embeddable":true,"href":"https:\/\/gsmarienschule-marienfeld.de\/index.php?rest_route=%2Fwp%2Fv2%2Fcomments&post=2916"}],"version-history":[{"count":6,"href":"https:\/\/gsmarienschule-marienfeld.de\/index.php?rest_route=\/wp\/v2\/pages\/2916\/revisions"}],"predecessor-version":[{"id":2927,"href":"https:\/\/gsmarienschule-marienfeld.de\/index.php?rest_route=\/wp\/v2\/pages\/2916\/revisions\/2927"}],"wp:attachment":[{"href":"https:\/\/gsmarienschule-marienfeld.de\/index.php?rest_route=%2Fwp%2Fv2%2Fmedia&parent=2916"}],"curies":[{"name":"wp","href":"https:\/\/api.w.org\/{rel}","templated":true}]}}