{"id":282,"date":"2019-11-20T08:11:03","date_gmt":"2019-11-20T08:11:03","guid":{"rendered":"http:\/\/gsmarienschule-marienfeld.de\/?page_id=282"},"modified":"2021-05-30T17:17:30","modified_gmt":"2021-05-30T17:17:30","slug":"schulinterne-beratung","status":"publish","type":"page","link":"https:\/\/gsmarienschule-marienfeld.de\/?page_id=282","title":{"rendered":"Schulinterne Beratung"},"content":{"rendered":"\n<p><\/p>\n\n\n\n<p>Es\ngibt viele Situationen, in denen sich Eltern eine Beratung w\u00fcnschen.<\/p>\n\n\n\n<p>Als\nerster Ansprechpartner sollte &nbsp;immer die jeweilige\nKlassenlehrerin gew\u00e4hlt werden,&nbsp; da sie\nIhr Kind an unserer Schule am besten kennt.<\/p>\n\n\n\n<p>Bei Fragen zu Betreuungsm\u00f6glichkeiten wenden Sie sich bitte direkt an Frau Hartmann (OGGS-Betreuung) oder Frau Huelsmannn (Randstunden-Betreuung).<\/p>\n\n\n\n<p>W\u00fcnschen Sie eine \u201eneutrale\u201c und diskrete Beratung (pers\u00f6nlich, telefonisch oder per Mail), kann unsere Schulsozialarbeiterin Frau Sch\u00e4fer Ihre richtige Ansprechpartnerin sein. Kontaktm\u00f6glichkeiten finden Sie <a href=\"https:\/\/gsmarienschule-marienfeld.de\/?page_id=49\">hier<\/a>.<\/p>\n\n\n\n<p>Nat\u00fcrlich k\u00f6nnen Sie sich bei vertraulichen Themen oder Schwierigkeiten auch an die Schulleitung wenden.<\/p>\n\n\n\n<p><strong>Bildungs- und Schulberatung des Kreises G\u00fctersloh<\/strong><strong><\/strong><\/p>\n\n\n\n<p>Bei\nProblemen Ihres Kindes in der Schule, Teilleistungsst\u00f6rungen (LRS\/Dyskalkulie)\noder bei Erziehungsschwierigkeiten und Verdacht auf ADHS kann die <a href=\"https:\/\/www.kreis-guetersloh.de\/themen\/bildung\/bsb\/\">Bildungs-\nund Schulberatung des Kreises G\u00fctersloh<\/a>\neine hilfreiche Anlaufstelle sein. Hier beraten Sie Experten kostenlos und\nunverbindlich, k\u00f6nnen Testverfahren durchgef\u00fchrt werden, die \u00fcber das, was\nSchule tun kann und darf, weit hinausgehen.<\/p>\n","protected":false},"excerpt":{"rendered":"<div class=\"mh-excerpt\">Es gibt viele Situationen, in denen sich Eltern eine Beratung w\u00fcnschen. Als erster Ansprechpartner sollte &nbsp;immer die jeweilige Klassenlehrerin gew\u00e4hlt werden,&nbsp; da sie Ihr Kind an unserer Schule am besten kennt. Bei Fragen zu Betreuungsm\u00f6glichkeiten <a class=\"mh-excerpt-more\" href=\"https:\/\/gsmarienschule-marienfeld.de\/?page_id=282\" title=\"Schulinterne Beratung\">[&#8230;]<\/a><\/div>\n","protected":false},"author":1,"featured_media":0,"parent":0,"menu_order":0,"comment_status":"closed","ping_status":"closed","template":"","meta":{"footnotes":""},"class_list":["post-282","page","type-page","status-publish"],"_links":{"self":[{"href":"https:\/\/gsmarienschule-marienfeld.de\/index.php?rest_route=\/wp\/v2\/pages\/282","targetHints":{"allow":["GET"]}}],"collection":[{"href":"https:\/\/gsmarienschule-marienfeld.de\/index.php?rest_route=\/wp\/v2\/pages"}],"about":[{"href":"https:\/\/gsmarienschule-marienfeld.de\/index.php?rest_route=\/wp\/v2\/types\/page"}],"author":[{"embeddable":true,"href":"https:\/\/gsmarienschule-marienfeld.de\/index.php?rest_route=\/wp\/v2\/users\/1"}],"replies":[{"embeddable":true,"href":"https:\/\/gsmarienschule-marienfeld.de\/index.php?rest_route=%2Fwp%2Fv2%2Fcomments&post=282"}],"version-history":[{"count":3,"href":"https:\/\/gsmarienschule-marienfeld.de\/index.php?rest_route=\/wp\/v2\/pages\/282\/revisions"}],"predecessor-version":[{"id":2518,"href":"https:\/\/gsmarienschule-marienfeld.de\/index.php?rest_route=\/wp\/v2\/pages\/282\/revisions\/2518"}],"wp:attachment":[{"href":"https:\/\/gsmarienschule-marienfeld.de\/index.php?rest_route=%2Fwp%2Fv2%2Fmedia&parent=282"}],"curies":[{"name":"wp","href":"https:\/\/api.w.org\/{rel}","templated":true}]}}