{"id":241,"date":"2019-11-18T12:58:25","date_gmt":"2019-11-18T12:58:25","guid":{"rendered":"http:\/\/gsmarienschule-marienfeld.de\/?page_id=241"},"modified":"2019-11-18T12:58:25","modified_gmt":"2019-11-18T12:58:25","slug":"praktika","status":"publish","type":"page","link":"https:\/\/gsmarienschule-marienfeld.de\/?page_id=241","title":{"rendered":"Praktika"},"content":{"rendered":"\n<p>Informationen f\u00fcr Praktikantinnen und Praktikanten<\/p>\n\n\n\n<p>Unsere Schule stellt fortlaufend Praktikumspl\u00e4tze zur Verf\u00fcgung.<\/p>\n\n\n\n<h4 class=\"wp-block-heading\">Es gelten folgende Zugangsbeschr\u00e4nkungen:<\/h4>\n\n\n\n<p>Praktikantinnen und Praktikanten d\u00fcrfen nicht\u2026<\/p>\n\n\n\n<p>\u2022 ehemalige Sch\u00fclerinnen und Sch\u00fcler unserer Schule sein,<\/p>\n\n\n\n<p>\u2022 Geschwisterkinder an unserer Schule haben,<\/p>\n\n\n\n<p>\u2022 im Einzugsgebiet unserer Schule wohnen.<\/p>\n\n\n\n<h4 class=\"wp-block-heading\">Folgende Praktika sind an unserer Schule m\u00f6glich:<\/h4>\n\n\n\n<p>\u2013 Girls\u00b4\/Boys\u00b4-Day<\/p>\n\n\n\n<p>Im Rahmen dieses eint\u00e4gigen Praktikums sollen M\u00e4dchen Einblicke in typische M\u00e4nnerberufe bekommen, Jungen entsprechend typische Frauenberufe kennen lernen. Wir bieten Jungen der Mittelstufe weiterf\u00fchrender Schulen die M\u00f6glichkeit, den Beruf der Grundschullehrerin\/des Grundschullehrers kennen zu lernen.<\/p>\n\n\n\n<p>\u2013 Sch\u00fclerpraktikum (nur Oberstufe)<\/p>\n\n\n\n<p>Sch\u00fclerinnen und Sch\u00fclern des Gymnasiums und der entsprechenden Kurse der Gesamtschule k\u00f6nnen ein zweiw\u00f6chiges Praktikum bei uns ableisten. In dieser Zeit erhalten sie Einblick in die Berufsfelder Grundschullehramt und P\u00e4dagogische Fachkraft in der OGGS.<\/p>\n\n\n\n<p>Daneben k\u00f6nnen auch Sch\u00fclerinnen und Sch\u00fcler des Berufskollegs, Fachschule f\u00fcr Sozialp\u00e4dagogik,&nbsp; ein Praktikum an unserer Schule ableisten. Der Schwerpunkt der T\u00e4tigkeit liegt hier wegen der angestrebten Ausbildung zur Erzieherin\/zum Erzieher eher in der Mitarbeit in der OGGS.<\/p>\n\n\n\n<p>\u2013 Eignungs- und Orientierungspraktikum<\/p>\n\n\n\n<p>Das Eignungs- und Orientierungspraktikum ist ab Studienbeginn zum Wintersemester 2016\/17 Bestandteil des Lehramtsstudiums (Bachelor-Studium) und dauert 25 Tage. Es wird in der Regel nach dem ersten Semester durchgef\u00fchrt und darf nicht an einer Schule abgeleistet werden, die man selbst als Sch\u00fclerin oder Sch\u00fcler besucht hat. Au\u00dferdem darf es nicht durch Ferienzeiten unterbrochen sein.<\/p>\n\n\n\n<p>\u2013 Praxissemester<\/p>\n\n\n\n<p>Das Praxissemester ist in der Regel im 8. Studiensemester (Master-Studiengang) abzuleisten und dauert 5 Monate bzw. 20 Wochen. Eine Bewerbung und Vergabe der Pl\u00e4tze erfolgt \u00fcber das Portal zur Vergabe von Praktikumspl\u00e4tzen im Praxissemester. Das Praktikum dient der Vertiefung der bereits erworbenen Kenntnisse und bietet neben Hospitations- auch erste Unterrichtsm\u00f6glichkeiten unter Anleitung. Die Praktikanten werden von der Ausbildungsbeauftragten unserer Schule und dem Zentrum f\u00fcr schulpraktische Lehrerausbildung Bielefeld betreut. <\/p>\n\n\n\n<p>\u2013 Freiwilliges Soziales Jahr<\/p>\n\n\n\n<p>Gerade f\u00fcr Abiturientinnen und Abiturienten, die nach Erlangung der Allgemeinen Hochschulreife noch nicht sicher wissen, welchen beruflichen Werdegang sie einschlagen wollen, kann ein Freiwilliges Soziales Jahr in unserer OGGS eine interessante Alternative sein. Dazu wenden Sie sich bitte an die VHS Reckenberg-Ems als Tr\u00e4ger unserer OGGS.<\/p>\n","protected":false},"excerpt":{"rendered":"<div class=\"mh-excerpt\">Informationen f\u00fcr Praktikantinnen und Praktikanten Unsere Schule stellt fortlaufend Praktikumspl\u00e4tze zur Verf\u00fcgung. Es gelten folgende Zugangsbeschr\u00e4nkungen: Praktikantinnen und Praktikanten d\u00fcrfen nicht\u2026 \u2022 ehemalige Sch\u00fclerinnen und Sch\u00fcler unserer Schule sein, \u2022 Geschwisterkinder an unserer Schule haben, <a class=\"mh-excerpt-more\" href=\"https:\/\/gsmarienschule-marienfeld.de\/?page_id=241\" title=\"Praktika\">[&#8230;]<\/a><\/div>\n","protected":false},"author":1,"featured_media":0,"parent":0,"menu_order":0,"comment_status":"closed","ping_status":"closed","template":"","meta":{"footnotes":""},"class_list":["post-241","page","type-page","status-publish"],"_links":{"self":[{"href":"https:\/\/gsmarienschule-marienfeld.de\/index.php?rest_route=\/wp\/v2\/pages\/241","targetHints":{"allow":["GET"]}}],"collection":[{"href":"https:\/\/gsmarienschule-marienfeld.de\/index.php?rest_route=\/wp\/v2\/pages"}],"about":[{"href":"https:\/\/gsmarienschule-marienfeld.de\/index.php?rest_route=\/wp\/v2\/types\/page"}],"author":[{"embeddable":true,"href":"https:\/\/gsmarienschule-marienfeld.de\/index.php?rest_route=\/wp\/v2\/users\/1"}],"replies":[{"embeddable":true,"href":"https:\/\/gsmarienschule-marienfeld.de\/index.php?rest_route=%2Fwp%2Fv2%2Fcomments&post=241"}],"version-history":[{"count":1,"href":"https:\/\/gsmarienschule-marienfeld.de\/index.php?rest_route=\/wp\/v2\/pages\/241\/revisions"}],"predecessor-version":[{"id":243,"href":"https:\/\/gsmarienschule-marienfeld.de\/index.php?rest_route=\/wp\/v2\/pages\/241\/revisions\/243"}],"wp:attachment":[{"href":"https:\/\/gsmarienschule-marienfeld.de\/index.php?rest_route=%2Fwp%2Fv2%2Fmedia&parent=241"}],"curies":[{"name":"wp","href":"https:\/\/api.w.org\/{rel}","templated":true}]}}