{"id":224,"date":"2019-11-18T11:43:44","date_gmt":"2019-11-18T11:43:44","guid":{"rendered":"http:\/\/gsmarienschule-marienfeld.de\/?page_id=224"},"modified":"2025-07-14T12:44:46","modified_gmt":"2025-07-14T10:44:46","slug":"bandklasse","status":"publish","type":"page","link":"https:\/\/gsmarienschule-marienfeld.de\/bandklasse\/","title":{"rendered":"Bandklasse"},"content":{"rendered":"\n<figure class=\"wp-block-image size-large\"><a href=\"https:\/\/gsmarienschule-marienfeld.de\/?page_id=1155\"><img decoding=\"async\" src=\"https:\/\/gsmarienschule-marienfeld.de\/wp-content\/uploads\/2020\/04\/Bandklasse-2.png\" alt=\"\" class=\"wp-image-1183\"\/><\/a><figcaption class=\"wp-element-caption\">Klicke hier f\u00fcr <a href=\"https:\/\/gsmarienschule-marienfeld.de\/?page_id=1155\">Videos mit Herrn Panhorst<\/a><\/figcaption><\/figure>\n\n\n<p>Jeden Donnerstag verwandelt sich unser Musikraum in einen Proberaum mit richtigen Rockinstrumenten: Schlagzeug, Keyboards, E-Gitarren und E-B\u00e4sse. Innerhalb von wenigen Minuten schieben die Kinder der Bandklasse Tische und St\u00fchle beiseite und k\u00fcmmern sich selbstst\u00e4ndig um den Aufbau. W\u00e4hrend die \u201eTechniker\u201c Mikros aufbauen, Kabel zum Mischpult verlegen sowie Instrumente und Verst\u00e4rker mit Strom versorgen, werden E Gitarren und E-B\u00e4sse f\u00fcr das gemeinsame Spielen gestimmt.<br \/>Im Stuhlkreis werden rhythmische \u00dcbungen gemeinsam durchgef\u00fchrt und das Vorhaben der Stunde besprochen. Nach einem Soundcheck geht es auch schon los: Die Marienschule rockt!<br \/>Die Bandklasse gibt es an unserer Schule seit dem Schuljahr 2010\/ 2011 und wird in Kooperation mit der Musikschule f\u00fcr den Kreis G\u00fctersloh e.V. durchgef\u00fchrt. Nach erfolgreicher Umsetzung an weiterf\u00fchrenden Schulen gilt das Projekt an der Marienschule Marienfeld als Pilotprojekt im Bereich der Grundschulen. In einem jahrgangs\u00fcbergreifenden Kurs erlernen Kinder aufbauend ab Klasse 3 das Zusammenspiel in einer Band mit den klassischen Rockinstrumenten. Geleitet wird die Bandklasse von Herrn Pannhorst Musiklehrer der Kreismusikschule und FrauTopm\u00f6ller als Musiklehrerin der Marienschule. Kinder, die an diesem Kurs teilnehmen, erhalten den gesamten Musikunterricht in Klasse 3 und 4 als Bandunterricht, der alle Bereiche des Lehrplans Musik voll erf\u00fcllt.<\/p>\n<p>Nachdem die Kinder zun\u00e4chst in einem mehrw\u00f6chigen Instrumentenkarussell alle Instrumente kennen lernen, w\u00e4hlen sie das Instrument, das sie f\u00fcr die Dauer von zwei Schuljahren erlernen und in der Band spielen m\u00f6chten. In der dritten Klasse stehen neben Keyboard und E-Bass zun\u00e4chst akustische Gitarre sowie als Schlagwerk Cajon bzw. Conga zur Auswahl, die in der vierten Klasse durch E Gitarre und Schlagzeug ersetzt werden. Mit Ausnahme der Gitarren, die jeweils mit nach Hause genommen werden, sind alle Instrumente doppelt vorhanden, sodass alle Kinder auch zuhause \u00fcben k\u00f6nnen.<\/p>\n<p>Positive Nebeneffekte des Bandkonzepts zeigen sich bereits nach den ersten Stunden: Erste Erfolgserlebnisse st\u00e4rken das Selbstvertrauen, das Zusammenspiel in der Gruppe sch\u00e4rft die Wahrnehmung und f\u00f6rdert die Disziplin, die Lern- und Leistungsbereitschaft steigt, beim Auf- und Abbau der Instrumente ist gegenseitige Hilfe selbstverst\u00e4ndlich, \u2026 und ganz nebenbei entwickeln sich neue Freundschaften innerhalb des Jahrgangs.<\/p>\n<p>Erm\u00f6glicht wurde das Projekt Bandklasse durch die finanzielle Unterst\u00fctzung von regionalen Institutionen und Firmen sowie durch den F\u00f6rder- und Betreuungskreis der Marienschule Marienfeld e.V. Mit der N\u00fc\u00dfing Stiftung, den Firmen Reiling Glas Recycling, Eggersmann-Gruppe, dem Lions-Club G\u00fctersloh &#8211; Teutoburger Wald e.V., der Familie-Osthushenrich-Stiftung und dem Hotel Klosterpforte haben wir Partner gefunden, die zusammen Kosten f\u00fcr die Anschaffung der Instrumente, der notwendigen Ausr\u00fcstung und der Personalkosten \u00fcbernommen haben. Die Eltern der teilnehmenden Kinder leisten dar\u00fcber hinaus einen monatlichen Beitrag in H\u00f6he von 17 \u20ac (ab Sj 20\/21) der auch die Versicherung der Leihinstrumente beinhaltet.<\/p>","protected":false},"excerpt":{"rendered":"<div class=\"mh-excerpt\">Jeden Donnerstag verwandelt sich unser Musikraum in einen Proberaum mit richtigen Rockinstrumenten: Schlagzeug, Keyboards, E-Gitarren und E-B\u00e4sse. Innerhalb von wenigen Minuten schieben die Kinder der Bandklasse Tische und St\u00fchle beiseite und k\u00fcmmern sich selbstst\u00e4ndig um <a class=\"mh-excerpt-more\" href=\"https:\/\/gsmarienschule-marienfeld.de\/bandklasse\/\" title=\"Bandklasse\">[&#8230;]<\/a><\/div>\n","protected":false},"author":1,"featured_media":0,"parent":0,"menu_order":0,"comment_status":"closed","ping_status":"closed","template":"","meta":{"footnotes":""},"class_list":["post-224","page","type-page","status-publish"],"_links":{"self":[{"href":"https:\/\/gsmarienschule-marienfeld.de\/wp-json\/wp\/v2\/pages\/224","targetHints":{"allow":["GET"]}}],"collection":[{"href":"https:\/\/gsmarienschule-marienfeld.de\/wp-json\/wp\/v2\/pages"}],"about":[{"href":"https:\/\/gsmarienschule-marienfeld.de\/wp-json\/wp\/v2\/types\/page"}],"author":[{"embeddable":true,"href":"https:\/\/gsmarienschule-marienfeld.de\/wp-json\/wp\/v2\/users\/1"}],"replies":[{"embeddable":true,"href":"https:\/\/gsmarienschule-marienfeld.de\/wp-json\/wp\/v2\/comments?post=224"}],"version-history":[{"count":5,"href":"https:\/\/gsmarienschule-marienfeld.de\/wp-json\/wp\/v2\/pages\/224\/revisions"}],"predecessor-version":[{"id":4300,"href":"https:\/\/gsmarienschule-marienfeld.de\/wp-json\/wp\/v2\/pages\/224\/revisions\/4300"}],"wp:attachment":[{"href":"https:\/\/gsmarienschule-marienfeld.de\/wp-json\/wp\/v2\/media?parent=224"}],"curies":[{"name":"wp","href":"https:\/\/api.w.org\/{rel}","templated":true}]}}