{"id":1735,"date":"2020-09-23T08:21:47","date_gmt":"2020-09-23T08:21:47","guid":{"rendered":"http:\/\/gsmarienschule-marienfeld.de\/?page_id=1735"},"modified":"2020-09-23T08:21:47","modified_gmt":"2020-09-23T08:21:47","slug":"lehramtsanwaerterinnen","status":"publish","type":"page","link":"https:\/\/gsmarienschule-marienfeld.de\/?page_id=1735","title":{"rendered":"Lehramtsanw\u00e4rter*innen"},"content":{"rendered":"\n<p>Wir bilden regelm\u00e4\u00dfig Lehramtsanw\u00e4rterinnen und Lehramtsanw\u00e4rter aus.<\/p>\n\n\n\n<p>Dazu kooperieren wir mit dem Zentrum f\u00fcr schulpraktische Lehrerausbildung \u00a0in Bielefeld.\u00a0<\/p>\n\n\n\n<p>Ausbildungsbeauftragte ist Frau Lisa Trockel. Sie ist f\u00fcr organisatorische Dinge zust\u00e4ndig und h\u00e4lt Kontakt zum Zentrum f\u00fcr schulpraktische Lehrerausbildung. Auch f\u00fcr alle anderen Fragen steht sie gerne zur Verf\u00fcgung.<\/p>\n","protected":false},"excerpt":{"rendered":"<div class=\"mh-excerpt\">Wir bilden regelm\u00e4\u00dfig Lehramtsanw\u00e4rterinnen und Lehramtsanw\u00e4rter aus. Dazu kooperieren wir mit dem Zentrum f\u00fcr schulpraktische Lehrerausbildung \u00a0in Bielefeld.\u00a0 Ausbildungsbeauftragte ist Frau Lisa Trockel. Sie ist f\u00fcr organisatorische Dinge zust\u00e4ndig und h\u00e4lt Kontakt zum Zentrum f\u00fcr <a class=\"mh-excerpt-more\" href=\"https:\/\/gsmarienschule-marienfeld.de\/?page_id=1735\" title=\"Lehramtsanw\u00e4rter*innen\">[&#8230;]<\/a><\/div>\n","protected":false},"author":1,"featured_media":0,"parent":0,"menu_order":0,"comment_status":"closed","ping_status":"closed","template":"","meta":{"footnotes":""},"class_list":["post-1735","page","type-page","status-publish"],"_links":{"self":[{"href":"https:\/\/gsmarienschule-marienfeld.de\/index.php?rest_route=\/wp\/v2\/pages\/1735","targetHints":{"allow":["GET"]}}],"collection":[{"href":"https:\/\/gsmarienschule-marienfeld.de\/index.php?rest_route=\/wp\/v2\/pages"}],"about":[{"href":"https:\/\/gsmarienschule-marienfeld.de\/index.php?rest_route=\/wp\/v2\/types\/page"}],"author":[{"embeddable":true,"href":"https:\/\/gsmarienschule-marienfeld.de\/index.php?rest_route=\/wp\/v2\/users\/1"}],"replies":[{"embeddable":true,"href":"https:\/\/gsmarienschule-marienfeld.de\/index.php?rest_route=%2Fwp%2Fv2%2Fcomments&post=1735"}],"version-history":[{"count":1,"href":"https:\/\/gsmarienschule-marienfeld.de\/index.php?rest_route=\/wp\/v2\/pages\/1735\/revisions"}],"predecessor-version":[{"id":1737,"href":"https:\/\/gsmarienschule-marienfeld.de\/index.php?rest_route=\/wp\/v2\/pages\/1735\/revisions\/1737"}],"wp:attachment":[{"href":"https:\/\/gsmarienschule-marienfeld.de\/index.php?rest_route=%2Fwp%2Fv2%2Fmedia&parent=1735"}],"curies":[{"name":"wp","href":"https:\/\/api.w.org\/{rel}","templated":true}]}}